{"id":420,"date":"2025-06-11T09:30:02","date_gmt":"2025-06-11T09:30:02","guid":{"rendered":"https:\/\/wermedic.pl\/?page_id=420"},"modified":"2025-09-03T08:46:35","modified_gmt":"2025-09-03T08:46:35","slug":"o-nas","status":"publish","type":"page","link":"https:\/\/wermedic.pl\/?page_id=420","title":{"rendered":"O nas"},"content":{"rendered":"\t\t<div data-elementor-type=\"wp-page\" data-elementor-id=\"420\" class=\"elementor elementor-420\" data-elementor-post-type=\"page\">\n\t\t\t\t<div class=\"elementor-element elementor-element-577dc8b e-flex e-con-boxed e-con e-parent\" data-id=\"577dc8b\" data-element_type=\"container\" data-settings=\"{&quot;background_background&quot;:&quot;classic&quot;}\">\n\t\t\t\t\t<div class=\"e-con-inner\">\n\t\t\t\t<div class=\"elementor-element elementor-element-8e45496 elementor-widget elementor-widget-heading\" data-id=\"8e45496\" data-element_type=\"widget\" data-widget_type=\"heading.default\">\n\t\t\t\t<div class=\"elementor-widget-container\">\n\t\t\t\t\t<h2 class=\"elementor-heading-title elementor-size-default\">O nas<\/h2>\t\t\t\t<\/div>\n\t\t\t\t<\/div>\n\t\t\t\t\t<\/div>\n\t\t\t\t<\/div>\n\t\t<div class=\"elementor-element elementor-element-37054f3 e-flex e-con-boxed e-con e-parent\" data-id=\"37054f3\" data-element_type=\"container\">\n\t\t\t\t\t<div class=\"e-con-inner\">\n\t\t<div class=\"elementor-element elementor-element-26cc402 e-con-full e-flex e-con e-child\" data-id=\"26cc402\" data-element_type=\"container\">\n\t\t\t\t<div class=\"elementor-element elementor-element-40f3b63 elementor-widget elementor-widget-image\" data-id=\"40f3b63\" data-element_type=\"widget\" data-widget_type=\"image.default\">\n\t\t\t\t<div class=\"elementor-widget-container\">\n\t\t\t\t\t\t\t\t\t\t\t\t\t\t\t<img fetchpriority=\"high\" decoding=\"async\" width=\"1024\" height=\"683\" src=\"https:\/\/wermedic.pl\/wp-content\/uploads\/2025\/09\/image-1024x683.png\" class=\"attachment-large size-large wp-image-475\" alt=\"\" srcset=\"https:\/\/wermedic.pl\/wp-content\/uploads\/2025\/09\/image-1024x683.png 1024w, https:\/\/wermedic.pl\/wp-content\/uploads\/2025\/09\/image-300x200.png 300w, https:\/\/wermedic.pl\/wp-content\/uploads\/2025\/09\/image-768x512.png 768w, https:\/\/wermedic.pl\/wp-content\/uploads\/2025\/09\/image-1536x1024.png 1536w, https:\/\/wermedic.pl\/wp-content\/uploads\/2025\/09\/image-2048x1365.png 2048w\" sizes=\"(max-width: 1024px) 100vw, 1024px\" \/>\t\t\t\t\t\t\t\t\t\t\t\t\t\t\t<\/div>\n\t\t\t\t<\/div>\n\t\t\t\t<\/div>\n\t\t<div class=\"elementor-element elementor-element-1ec3173 e-con-full e-flex e-con e-child\" data-id=\"1ec3173\" data-element_type=\"container\">\n\t\t\t\t<div class=\"elementor-element elementor-element-de67795 elementor-widget elementor-widget-text-editor\" data-id=\"de67795\" data-element_type=\"widget\" data-widget_type=\"text-editor.default\">\n\t\t\t\t<div class=\"elementor-widget-container\">\n\t\t\t\t\t\t\t\t\t<p>Prowadzimy kompleksow\u0105 fizjoterapi\u0119 dla dzieci i doros\u0142ych, oferuj\u0105c szeroki zakres us\u0142ug, w tym terapi\u0119 manualn\u0105, rehabilitacj\u0119 po urazach, terapi\u0119 integracji sensorycznej (SI) oraz wiele innych. Dodatkowo, zapewniamy wynajem sprz\u0119tu medycznego, takiego jak \u0142\u00f3\u017cka rehabilitacyjne i koncentratory tlenu. Zaufaj do\u015bwiadczeniu Alicji i Piotra Werner\u00f3w \u2013 ma\u0142\u017ce\u0144stwa, dla kt\u00f3rego Twoje zdrowie jest najwa\u017cniejsze! Skontaktuj si\u0119 z nami ju\u017c dzi\u015b!<\/p>\t\t\t\t\t\t\t\t<\/div>\n\t\t\t\t<\/div>\n\t\t\t\t<\/div>\n\t\t\t\t\t<\/div>\n\t\t\t\t<\/div>\n\t\t\t\t<\/div>\n\t\t","protected":false},"excerpt":{"rendered":"<p>O nas Prowadzimy kompleksow\u0105 fizjoterapi\u0119 dla dzieci i doros\u0142ych, oferuj\u0105c szeroki zakres us\u0142ug, w tym terapi\u0119 manualn\u0105, rehabilitacj\u0119 po urazach, [&hellip;]<\/p>\n","protected":false},"author":3,"featured_media":0,"parent":0,"menu_order":0,"comment_status":"closed","ping_status":"closed","template":"","meta":{"site-sidebar-layout":"no-sidebar","site-content-layout":"","ast-site-content-layout":"full-width-container","site-content-style":"default","site-sidebar-style":"default","ast-global-header-display":"","ast-banner-title-visibility":"","ast-main-header-display":"","ast-hfb-above-header-display":"","ast-hfb-below-header-display":"","ast-hfb-mobile-header-display":"","site-post-title":"disabled","ast-breadcrumbs-content":"","ast-featured-img":"disabled","footer-sml-layout":"","theme-transparent-header-meta":"","adv-header-id-meta":"","stick-header-meta":"","header-above-stick-meta":"","header-main-stick-meta":"","header-below-stick-meta":"","astra-migrate-meta-layouts":"default","ast-page-background-enabled":"default","ast-page-background-meta":{"desktop":{"background-color":"var(--ast-global-color-5)","background-image":"","background-repeat":"repeat","background-position":"center center","background-size":"auto","background-attachment":"scroll","background-type":"","background-media":"","overlay-type":"","overlay-color":"","overlay-opacity":"","overlay-gradient":""},"tablet":{"background-color":"","background-image":"","background-repeat":"repeat","background-position":"center center","background-size":"auto","background-attachment":"scroll","background-type":"","background-media":"","overlay-type":"","overlay-color":"","overlay-opacity":"","overlay-gradient":""},"mobile":{"background-color":"","background-image":"","background-repeat":"repeat","background-position":"center center","background-size":"auto","background-attachment":"scroll","background-type":"","background-media":"","overlay-type":"","overlay-color":"","overlay-opacity":"","overlay-gradient":""}},"ast-content-background-meta":{"desktop":{"background-color":"var(--ast-global-color-4)","background-image":"","background-repeat":"repeat","background-position":"center center","background-size":"auto","background-attachment":"scroll","background-type":"","background-media":"","overlay-type":"","overlay-color":"","overlay-opacity":"","overlay-gradient":""},"tablet":{"background-color":"var(--ast-global-color-4)","background-image":"","background-repeat":"repeat","background-position":"center center","background-size":"auto","background-attachment":"scroll","background-type":"","background-media":"","overlay-type":"","overlay-color":"","overlay-opacity":"","overlay-gradient":""},"mobile":{"background-color":"var(--ast-global-color-4)","background-image":"","background-repeat":"repeat","background-position":"center center","background-size":"auto","background-attachment":"scroll","background-type":"","background-media":"","overlay-type":"","overlay-color":"","overlay-opacity":"","overlay-gradient":""}},"footnotes":""},"class_list":["post-420","page","type-page","status-publish","hentry"],"_links":{"self":[{"href":"https:\/\/wermedic.pl\/index.php?rest_route=\/wp\/v2\/pages\/420","targetHints":{"allow":["GET"]}}],"collection":[{"href":"https:\/\/wermedic.pl\/index.php?rest_route=\/wp\/v2\/pages"}],"about":[{"href":"https:\/\/wermedic.pl\/index.php?rest_route=\/wp\/v2\/types\/page"}],"author":[{"embeddable":true,"href":"https:\/\/wermedic.pl\/index.php?rest_route=\/wp\/v2\/users\/3"}],"replies":[{"embeddable":true,"href":"https:\/\/wermedic.pl\/index.php?rest_route=%2Fwp%2Fv2%2Fcomments&post=420"}],"version-history":[{"count":13,"href":"https:\/\/wermedic.pl\/index.php?rest_route=\/wp\/v2\/pages\/420\/revisions"}],"predecessor-version":[{"id":481,"href":"https:\/\/wermedic.pl\/index.php?rest_route=\/wp\/v2\/pages\/420\/revisions\/481"}],"wp:attachment":[{"href":"https:\/\/wermedic.pl\/index.php?rest_route=%2Fwp%2Fv2%2Fmedia&parent=420"}],"curies":[{"name":"wp","href":"https:\/\/api.w.org\/{rel}","templated":true}]}}